{"id":165,"date":"2020-05-11T19:32:20","date_gmt":"2020-05-11T19:32:20","guid":{"rendered":"https:\/\/cielofalso.tv\/temporada-1-copy-2\/"},"modified":"2020-05-18T16:52:17","modified_gmt":"2020-05-18T16:52:17","slug":"temporada-3","status":"publish","type":"page","link":"https:\/\/cielofalso.tv\/en\/temporada-3\/","title":{"rendered":"Temporada 3"},"content":{"rendered":"<div class=\"wpb-content-wrapper\"><section class=\"l-section wpb_row us_custom_18e26ed8 height_medium width_full\"><div class=\"l-section-h i-cf\"><div class=\"g-cols vc_row type_default valign_top\"><div class=\"vc_col-sm-6 wpb_column vc_column_container\"><div class=\"vc_column-inner\"><div class=\"wpb_wrapper\"><div class=\"w-image align_none\"><a class=\"w-image-h\" href=\"https:\/\/cielofalso.tv\/en\/\" aria-label=\"Link\"><img loading=\"lazy\" decoding=\"async\" width=\"208\" height=\"40\" src=\"https:\/\/cielofalso.tv\/wp-content\/uploads\/2020\/05\/logocielof.png\" class=\"attachment-us_600_40 size-us_600_40\" alt=\"\" srcset=\"https:\/\/cielofalso.tv\/wp-content\/uploads\/2020\/05\/logocielof.png 443w, https:\/\/cielofalso.tv\/wp-content\/uploads\/2020\/05\/logocielof-300x58.png 300w\" sizes=\"auto, (max-width: 208px) 100vw, 208px\" \/><\/a><\/div><p class=\"w-post-elm post_title us_custom_11f560fd entry-title\" itemprop=\"headline\">Temporada 3<\/p><\/div><\/div><\/div><div class=\"vc_col-sm-6 wpb_column vc_column_container\"><div class=\"vc_column-inner\"><div class=\"wpb_wrapper\"><\/div><\/div><\/div><\/div><\/div><\/section><section class=\"l-section wpb_row us_custom_b6875fc1 height_medium\"><div class=\"l-section-h i-cf\"><div class=\"g-cols vc_row type_default valign_top\"><div class=\"vc_col-sm-12 wpb_column vc_column_container\"><div class=\"vc_column-inner\"><div class=\"wpb_wrapper\"><div class=\"w-grid type_grid layout_136 cols_3 ratio_16x9\" id=\"us_grid_1\" data-grid-filter=\"true\"><style id=\"us_grid_1_css\">#us_grid_1 .w-grid-item{padding:0.3rem}#us_grid_1 .w-grid-list{margin:-0.3rem}.w-grid + #us_grid_1 .w-grid-list{margin-top:0.3rem}@media (max-width:899px){#us_grid_1 .w-grid-item{width:50%}#us_grid_1 .w-grid-item.size_2x1,#us_grid_1 .w-grid-item.size_2x2{width:100%}}@media (max-width:599px){#us_grid_1 .w-grid-list{margin:0}#us_grid_1 .w-grid-item{width:100%;padding:0;margin-bottom:0.3rem}}<\/style><style>.layout_136 .w-grid-item-h:before{padding-bottom:56.2500%}@media (min-width:600px){.layout_136 .w-grid-item.size_1x2 .w-grid-item-h:before{padding-bottom:calc(112.5% + 0.3rem + 0.3rem)}.layout_136 .w-grid-item.size_2x1 .w-grid-item-h:before{padding-bottom:calc(28.125% - 0.3rem * 0.5625)}.layout_136 .w-grid-item.size_2x2 .w-grid-item-h:before{padding-bottom:calc(56.25% - 0.3rem * -0.875)}}.layout_136 .w-grid-item-h{}.layout_136 .usg_post_image_1{width:100%!important;height:100%!important;max-width:100%!important;max-height:100%!important;min-width:100%!important;min-height:100%!important}.layout_136 .usg_vwrapper_1{padding:0.4rem 1.5rem 3.5rem 0.4rem!important}.layout_136 .usg_post_title_1{color:#000000!important;font-size:1.8rem!important;line-height:1.4!important;margin-bottom:0px!important;padding-bottom:0px!important}.layout_136 .usg_post_custom_field_1{color:#000000!important;font-size:1.2rem!important}.layout_136 .usg_post_taxonomy_1{color:#000000!important;text-transform:uppercase!important;font-size:1.2rem!important;margin-bottom:0px!important;padding-bottom:0px!important}<\/style><div class=\"w-grid-list\" ><article class=\"w-grid-item size_1x1 post-633 post type-post status-publish format-standard has-post-thumbnail hentry category-entrevista category-temporada-3\" data-id=\"633\">\r\n\t<div class=\"w-grid-item-h\">\r\n\t\t\t\t\t<a class=\"w-grid-item-anchor\" href=\"https:\/\/cielofalso.tv\/en\/2020\/06\/18\/mark-harwood-1\/\" rel=\"bookmark\" aria-label=\"Mark Harwood\"><\/a>\r\n\t\t\t\t<div class=\"w-post-elm post_image usg_post_image_1 stretched has_width has_height imagenhov\"><img loading=\"lazy\" decoding=\"async\" width=\"516\" height=\"290\" src=\"https:\/\/cielofalso.tv\/wp-content\/uploads\/2020\/06\/Entrevista_CF_3_C6.jpg\" class=\"attachment-large size-large wp-post-image\" alt=\"\" srcset=\"https:\/\/cielofalso.tv\/wp-content\/uploads\/2020\/06\/Entrevista_CF_3_C6.jpg 516w, https:\/\/cielofalso.tv\/wp-content\/uploads\/2020\/06\/Entrevista_CF_3_C6-300x169.jpg 300w, https:\/\/cielofalso.tv\/wp-content\/uploads\/2020\/06\/Entrevista_CF_3_C6-133x75.jpg 133w, https:\/\/cielofalso.tv\/wp-content\/uploads\/2020\/06\/Entrevista_CF_3_C6-71x40.jpg 71w\" sizes=\"auto, (max-width: 516px) 100vw, 516px\" \/><\/div><div class=\"w-vwrapper usg_vwrapper_1 align_left valign_middle\"><div class=\"w-post-elm post_taxonomy usg_post_taxonomy_1 style_simple color_link_inherit has_text_color\"><span>Entrevista<\/span>, <span>Temporada 3<\/span><\/div><h1 class=\"w-post-elm post_title usg_post_title_1 entry-title has_text_color\">Mark Harwood<\/h1><div class=\"w-post-elm post_custom_field usg_post_custom_field_1 type_text has_text_color\">Penultimate press<\/div><\/div>\t<\/div>\r\n<\/article>\r\n<article class=\"w-grid-item size_1x1 post-603 post type-post status-publish format-standard has-post-thumbnail hentry category-entrevista category-temporada-3\" data-id=\"603\">\r\n\t<div class=\"w-grid-item-h\">\r\n\t\t\t\t\t<a class=\"w-grid-item-anchor\" href=\"https:\/\/cielofalso.tv\/en\/2020\/06\/15\/arjen-oosterman-2\/\" rel=\"bookmark\" aria-label=\"Arjen Oosterman\"><\/a>\r\n\t\t\t\t<div class=\"w-post-elm post_image usg_post_image_1 stretched has_width has_height imagenhov\"><img loading=\"lazy\" decoding=\"async\" width=\"516\" height=\"290\" src=\"https:\/\/cielofalso.tv\/wp-content\/uploads\/2020\/06\/Arjen-Osterman_CF_T3_C3_Entrevista-.jpg\" class=\"attachment-large size-large wp-post-image\" alt=\"\" srcset=\"https:\/\/cielofalso.tv\/wp-content\/uploads\/2020\/06\/Arjen-Osterman_CF_T3_C3_Entrevista-.jpg 516w, https:\/\/cielofalso.tv\/wp-content\/uploads\/2020\/06\/Arjen-Osterman_CF_T3_C3_Entrevista--300x169.jpg 300w, https:\/\/cielofalso.tv\/wp-content\/uploads\/2020\/06\/Arjen-Osterman_CF_T3_C3_Entrevista--133x75.jpg 133w, https:\/\/cielofalso.tv\/wp-content\/uploads\/2020\/06\/Arjen-Osterman_CF_T3_C3_Entrevista--71x40.jpg 71w\" sizes=\"auto, (max-width: 516px) 100vw, 516px\" \/><\/div><div class=\"w-vwrapper usg_vwrapper_1 align_left valign_middle\"><div class=\"w-post-elm post_taxonomy usg_post_taxonomy_1 style_simple color_link_inherit has_text_color\"><span>Entrevista<\/span>, <span>Temporada 3<\/span><\/div><h1 class=\"w-post-elm post_title usg_post_title_1 entry-title has_text_color\">Arjen Oosterman<\/h1><div class=\"w-post-elm post_custom_field usg_post_custom_field_1 type_text has_text_color\">Volume Magazine<\/div><\/div>\t<\/div>\r\n<\/article>\r\n<article class=\"w-grid-item size_1x1 post-598 post type-post status-publish format-standard has-post-thumbnail hentry category-charlas category-temporada-3\" data-id=\"598\">\r\n\t<div class=\"w-grid-item-h\">\r\n\t\t\t\t\t<a class=\"w-grid-item-anchor\" href=\"https:\/\/cielofalso.tv\/en\/2020\/06\/15\/arjen-oosterman-1\/\" rel=\"bookmark\" aria-label=\"Arjen Oosterman\"><\/a>\r\n\t\t\t\t<div class=\"w-post-elm post_image usg_post_image_1 stretched has_width has_height imagenhov\"><img loading=\"lazy\" decoding=\"async\" width=\"516\" height=\"290\" src=\"https:\/\/cielofalso.tv\/wp-content\/uploads\/2020\/06\/Arjen-Osterman_CF_T3_C3_Charla-.jpg\" class=\"attachment-large size-large wp-post-image\" alt=\"\" srcset=\"https:\/\/cielofalso.tv\/wp-content\/uploads\/2020\/06\/Arjen-Osterman_CF_T3_C3_Charla-.jpg 516w, https:\/\/cielofalso.tv\/wp-content\/uploads\/2020\/06\/Arjen-Osterman_CF_T3_C3_Charla--300x169.jpg 300w, https:\/\/cielofalso.tv\/wp-content\/uploads\/2020\/06\/Arjen-Osterman_CF_T3_C3_Charla--133x75.jpg 133w, https:\/\/cielofalso.tv\/wp-content\/uploads\/2020\/06\/Arjen-Osterman_CF_T3_C3_Charla--71x40.jpg 71w\" sizes=\"auto, (max-width: 516px) 100vw, 516px\" \/><\/div><div class=\"w-vwrapper usg_vwrapper_1 align_left valign_middle\"><div class=\"w-post-elm post_taxonomy usg_post_taxonomy_1 style_simple color_link_inherit has_text_color\"><span>Charlas<\/span>, <span>Temporada 3<\/span><\/div><h1 class=\"w-post-elm post_title usg_post_title_1 entry-title has_text_color\">Arjen Oosterman<\/h1><div class=\"w-post-elm post_custom_field usg_post_custom_field_1 type_text has_text_color\">Volume Magazine<\/div><\/div>\t<\/div>\r\n<\/article>\r\n<article class=\"w-grid-item size_1x1 post-517 post type-post status-publish format-standard has-post-thumbnail hentry category-entrevista category-temporada-3\" data-id=\"517\">\r\n\t<div class=\"w-grid-item-h\">\r\n\t\t\t\t\t<a class=\"w-grid-item-anchor\" href=\"https:\/\/cielofalso.tv\/en\/2020\/06\/01\/pablo-rivera-2\/\" rel=\"bookmark\" aria-label=\"Pablo Rivera\"><\/a>\r\n\t\t\t\t<div class=\"w-post-elm post_image usg_post_image_1 stretched has_width has_height imagenhov\"><img loading=\"lazy\" decoding=\"async\" width=\"516\" height=\"290\" src=\"https:\/\/cielofalso.tv\/wp-content\/uploads\/2020\/06\/Entrevista_CF_T3_C2.jpg\" class=\"attachment-large size-large wp-post-image\" alt=\"\" srcset=\"https:\/\/cielofalso.tv\/wp-content\/uploads\/2020\/06\/Entrevista_CF_T3_C2.jpg 516w, https:\/\/cielofalso.tv\/wp-content\/uploads\/2020\/06\/Entrevista_CF_T3_C2-300x169.jpg 300w, https:\/\/cielofalso.tv\/wp-content\/uploads\/2020\/06\/Entrevista_CF_T3_C2-133x75.jpg 133w, https:\/\/cielofalso.tv\/wp-content\/uploads\/2020\/06\/Entrevista_CF_T3_C2-71x40.jpg 71w\" sizes=\"auto, (max-width: 516px) 100vw, 516px\" \/><\/div><div class=\"w-vwrapper usg_vwrapper_1 align_left valign_middle\"><div class=\"w-post-elm post_taxonomy usg_post_taxonomy_1 style_simple color_link_inherit has_text_color\"><span>Entrevista<\/span>, <span>Temporada 3<\/span><\/div><h1 class=\"w-post-elm post_title usg_post_title_1 entry-title has_text_color\">Pablo Rivera<\/h1><div class=\"w-post-elm post_custom_field usg_post_custom_field_1 type_text has_text_color\">Ni escultura ni arquitectura<\/div><\/div>\t<\/div>\r\n<\/article>\r\n<article class=\"w-grid-item size_1x1 post-513 post type-post status-publish format-standard has-post-thumbnail hentry category-charlas category-temporada-3\" data-id=\"513\">\r\n\t<div class=\"w-grid-item-h\">\r\n\t\t\t\t\t<a class=\"w-grid-item-anchor\" href=\"https:\/\/cielofalso.tv\/en\/2020\/06\/01\/pablo-rivera-1\/\" rel=\"bookmark\" aria-label=\"Pablo Rivera\"><\/a>\r\n\t\t\t\t<div class=\"w-post-elm post_image usg_post_image_1 stretched has_width has_height imagenhov\"><img loading=\"lazy\" decoding=\"async\" width=\"516\" height=\"290\" src=\"https:\/\/cielofalso.tv\/wp-content\/uploads\/2020\/06\/Charla_CF_T3_C2.jpg\" class=\"attachment-large size-large wp-post-image\" alt=\"\" srcset=\"https:\/\/cielofalso.tv\/wp-content\/uploads\/2020\/06\/Charla_CF_T3_C2.jpg 516w, https:\/\/cielofalso.tv\/wp-content\/uploads\/2020\/06\/Charla_CF_T3_C2-300x169.jpg 300w, https:\/\/cielofalso.tv\/wp-content\/uploads\/2020\/06\/Charla_CF_T3_C2-133x75.jpg 133w, https:\/\/cielofalso.tv\/wp-content\/uploads\/2020\/06\/Charla_CF_T3_C2-71x40.jpg 71w\" sizes=\"auto, (max-width: 516px) 100vw, 516px\" \/><\/div><div class=\"w-vwrapper usg_vwrapper_1 align_left valign_middle\"><div class=\"w-post-elm post_taxonomy usg_post_taxonomy_1 style_simple color_link_inherit has_text_color\"><span>Charlas<\/span>, <span>Temporada 3<\/span><\/div><h1 class=\"w-post-elm post_title usg_post_title_1 entry-title has_text_color\">Pablo Rivera<\/h1><div class=\"w-post-elm post_custom_field usg_post_custom_field_1 type_text has_text_color\">Ni escultura ni arquitectura<\/div><\/div>\t<\/div>\r\n<\/article>\r\n<article class=\"w-grid-item size_1x1 post-510 post type-post status-publish format-standard has-post-thumbnail hentry category-performance category-temporada-3\" data-id=\"510\">\r\n\t<div class=\"w-grid-item-h\">\r\n\t\t\t\t\t<a class=\"w-grid-item-anchor\" href=\"https:\/\/cielofalso.tv\/en\/2020\/06\/01\/juan-pablo-corvalan-3\/\" rel=\"bookmark\" aria-label=\"Juan Pablo Corval\u00e1n\"><\/a>\r\n\t\t\t\t<div class=\"w-post-elm post_image usg_post_image_1 stretched has_width has_height imagenhov\"><img loading=\"lazy\" decoding=\"async\" width=\"516\" height=\"290\" src=\"https:\/\/cielofalso.tv\/wp-content\/uploads\/2020\/06\/performance_CF_T3_C1.jpg\" class=\"attachment-large size-large wp-post-image\" alt=\"\" srcset=\"https:\/\/cielofalso.tv\/wp-content\/uploads\/2020\/06\/performance_CF_T3_C1.jpg 516w, https:\/\/cielofalso.tv\/wp-content\/uploads\/2020\/06\/performance_CF_T3_C1-300x169.jpg 300w, https:\/\/cielofalso.tv\/wp-content\/uploads\/2020\/06\/performance_CF_T3_C1-133x75.jpg 133w, https:\/\/cielofalso.tv\/wp-content\/uploads\/2020\/06\/performance_CF_T3_C1-71x40.jpg 71w\" sizes=\"auto, (max-width: 516px) 100vw, 516px\" \/><\/div><div class=\"w-vwrapper usg_vwrapper_1 align_left valign_middle\"><div class=\"w-post-elm post_taxonomy usg_post_taxonomy_1 style_simple color_link_inherit has_text_color\"><span>Performance<\/span>, <span>Temporada 3<\/span><\/div><h1 class=\"w-post-elm post_title usg_post_title_1 entry-title has_text_color\">Juan Pablo Corval\u00e1n<\/h1><div class=\"w-post-elm post_custom_field usg_post_custom_field_1 type_text has_text_color\">M\u00e9nage \u00e0 trois<\/div><\/div>\t<\/div>\r\n<\/article>\r\n<article class=\"w-grid-item size_1x1 post-507 post type-post status-publish format-standard has-post-thumbnail hentry category-entrevista category-temporada-3\" data-id=\"507\">\r\n\t<div class=\"w-grid-item-h\">\r\n\t\t\t\t\t<a class=\"w-grid-item-anchor\" href=\"https:\/\/cielofalso.tv\/en\/2020\/06\/01\/juan-pablo-corvalan-2\/\" rel=\"bookmark\" aria-label=\"Juan Pablo Corval\u00e1n\"><\/a>\r\n\t\t\t\t<div class=\"w-post-elm post_image usg_post_image_1 stretched has_width has_height imagenhov\"><img loading=\"lazy\" decoding=\"async\" width=\"516\" height=\"290\" src=\"https:\/\/cielofalso.tv\/wp-content\/uploads\/2020\/06\/Entrevista_CF_T3_C1.jpg\" class=\"attachment-large size-large wp-post-image\" alt=\"\" srcset=\"https:\/\/cielofalso.tv\/wp-content\/uploads\/2020\/06\/Entrevista_CF_T3_C1.jpg 516w, https:\/\/cielofalso.tv\/wp-content\/uploads\/2020\/06\/Entrevista_CF_T3_C1-300x169.jpg 300w, https:\/\/cielofalso.tv\/wp-content\/uploads\/2020\/06\/Entrevista_CF_T3_C1-133x75.jpg 133w, https:\/\/cielofalso.tv\/wp-content\/uploads\/2020\/06\/Entrevista_CF_T3_C1-71x40.jpg 71w\" sizes=\"auto, (max-width: 516px) 100vw, 516px\" \/><\/div><div class=\"w-vwrapper usg_vwrapper_1 align_left valign_middle\"><div class=\"w-post-elm post_taxonomy usg_post_taxonomy_1 style_simple color_link_inherit has_text_color\"><span>Entrevista<\/span>, <span>Temporada 3<\/span><\/div><h1 class=\"w-post-elm post_title usg_post_title_1 entry-title has_text_color\">Juan Pablo Corval\u00e1n<\/h1><div class=\"w-post-elm post_custom_field usg_post_custom_field_1 type_text has_text_color\">M\u00e9nage \u00e0 trois<\/div><\/div>\t<\/div>\r\n<\/article>\r\n<article class=\"w-grid-item size_1x1 post-503 post type-post status-publish format-standard has-post-thumbnail hentry category-charlas category-temporada-3\" data-id=\"503\">\r\n\t<div class=\"w-grid-item-h\">\r\n\t\t\t\t\t<a class=\"w-grid-item-anchor\" href=\"https:\/\/cielofalso.tv\/en\/2020\/06\/01\/juan-pablo-corvalan-1\/\" rel=\"bookmark\" aria-label=\"Juan Pablo Corval\u00e1n\"><\/a>\r\n\t\t\t\t<div class=\"w-post-elm post_image usg_post_image_1 stretched has_width has_height imagenhov\"><img loading=\"lazy\" decoding=\"async\" width=\"516\" height=\"290\" src=\"https:\/\/cielofalso.tv\/wp-content\/uploads\/2020\/06\/Charla_CF_T3_C1-1-1-1.jpg\" class=\"attachment-large size-large wp-post-image\" alt=\"\" srcset=\"https:\/\/cielofalso.tv\/wp-content\/uploads\/2020\/06\/Charla_CF_T3_C1-1-1-1.jpg 516w, https:\/\/cielofalso.tv\/wp-content\/uploads\/2020\/06\/Charla_CF_T3_C1-1-1-1-300x169.jpg 300w, https:\/\/cielofalso.tv\/wp-content\/uploads\/2020\/06\/Charla_CF_T3_C1-1-1-1-133x75.jpg 133w, https:\/\/cielofalso.tv\/wp-content\/uploads\/2020\/06\/Charla_CF_T3_C1-1-1-1-71x40.jpg 71w\" sizes=\"auto, (max-width: 516px) 100vw, 516px\" \/><\/div><div class=\"w-vwrapper usg_vwrapper_1 align_left valign_middle\"><div class=\"w-post-elm post_taxonomy usg_post_taxonomy_1 style_simple color_link_inherit has_text_color\"><span>Charlas<\/span>, <span>Temporada 3<\/span><\/div><h1 class=\"w-post-elm post_title usg_post_title_1 entry-title has_text_color\">Juan Pablo Corval\u00e1n<\/h1><div class=\"w-post-elm post_custom_field usg_post_custom_field_1 type_text has_text_color\">M\u00e9nage \u00e0 trois<\/div><\/div>\t<\/div>\r\n<\/article>\r\n<\/div><div class=\"w-grid-preloader\"><div class=\"g-preloader type_1\">\r\n\t<div><\/div>\r\n<\/div>\r\n<\/div>\t<div class=\"w-grid-json hidden\" onclick='return {&quot;action&quot;:&quot;us_ajax_grid&quot;,&quot;ajax_url&quot;:&quot;https:\\\/\\\/cielofalso.tv\\\/wp-admin\\\/admin-ajax.php&quot;,&quot;infinite_scroll&quot;:0,&quot;max_num_pages&quot;:1,&quot;pagination&quot;:&quot;none&quot;,&quot;permalink_url&quot;:&quot;https:\\\/\\\/cielofalso.tv\\\/en\\\/wp-json\\\/wp\\\/v2\\\/pages\\\/165&quot;,&quot;template_vars&quot;:{&quot;columns&quot;:&quot;3&quot;,&quot;exclude_items&quot;:&quot;none&quot;,&quot;img_size&quot;:&quot;default&quot;,&quot;items_layout&quot;:&quot;136&quot;,&quot;items_offset&quot;:&quot;1&quot;,&quot;overriding_link&quot;:&quot;post&quot;,&quot;post_id&quot;:165,&quot;query_args&quot;:{&quot;post_type&quot;:[&quot;post&quot;],&quot;tax_query&quot;:[{&quot;taxonomy&quot;:&quot;category&quot;,&quot;field&quot;:&quot;slug&quot;,&quot;terms&quot;:[&quot;temporada-3&quot;]}],&quot;post_status&quot;:[&quot;publish&quot;,&quot;acf-disabled&quot;],&quot;orderby&quot;:{&quot;date&quot;:&quot;DESC&quot;},&quot;posts_per_page&quot;:&quot;30&quot;},&quot;type&quot;:&quot;grid&quot;,&quot;us_grid_ajax_index&quot;:1,&quot;us_grid_filter_params&quot;:null,&quot;us_grid_index&quot;:1,&quot;_us_grid_post_type&quot;:&quot;post&quot;}}'><\/div>\r\n<\/div><div class=\"w-separator size_medium\"><\/div><div class=\"w-image align_center\"><div class=\"w-image-h\"><img loading=\"lazy\" decoding=\"async\" width=\"448\" height=\"75\" src=\"https:\/\/cielofalso.tv\/wp-content\/uploads\/2020\/05\/logos.png\" class=\"attachment-us_600_75 size-us_600_75\" alt=\"\" srcset=\"https:\/\/cielofalso.tv\/wp-content\/uploads\/2020\/05\/logos.png 669w, https:\/\/cielofalso.tv\/wp-content\/uploads\/2020\/05\/logos-300x50.png 300w\" sizes=\"auto, (max-width: 448px) 100vw, 448px\" \/><\/div><\/div><\/div><\/div><\/div><\/div><\/div><\/section>\n<\/div>","protected":false},"excerpt":{"rendered":"Juan Pablo Corval\u00e1nM\u00e9nage \u00e0 trois - CharlaJuan Pablo Corval\u00e1n Hochberger es arquitecto de la Ecole d\u2019Ingenieurs de Geneve, Suiza y de la Facultad de Arquitectura y Urbanismo de la Universidad de Chile, Master of Excellence in Architecture, por el Berlage Institute Rotterdam, Holanda. Actualmente es candidato a Doctor del Instituto de Geograf\u00eda de la Pontificia...","protected":false},"author":1,"featured_media":0,"parent":0,"menu_order":0,"comment_status":"closed","ping_status":"closed","template":"","meta":{"_acf_changed":false,"footnotes":""},"class_list":["post-165","page","type-page","status-publish","hentry"],"acf":[],"_links":{"self":[{"href":"https:\/\/cielofalso.tv\/en\/wp-json\/wp\/v2\/pages\/165","targetHints":{"allow":["GET"]}}],"collection":[{"href":"https:\/\/cielofalso.tv\/en\/wp-json\/wp\/v2\/pages"}],"about":[{"href":"https:\/\/cielofalso.tv\/en\/wp-json\/wp\/v2\/types\/page"}],"author":[{"embeddable":true,"href":"https:\/\/cielofalso.tv\/en\/wp-json\/wp\/v2\/users\/1"}],"replies":[{"embeddable":true,"href":"https:\/\/cielofalso.tv\/en\/wp-json\/wp\/v2\/comments?post=165"}],"version-history":[{"count":3,"href":"https:\/\/cielofalso.tv\/en\/wp-json\/wp\/v2\/pages\/165\/revisions"}],"predecessor-version":[{"id":309,"href":"https:\/\/cielofalso.tv\/en\/wp-json\/wp\/v2\/pages\/165\/revisions\/309"}],"wp:attachment":[{"href":"https:\/\/cielofalso.tv\/en\/wp-json\/wp\/v2\/media?parent=165"}],"curies":[{"name":"wp","href":"https:\/\/api.w.org\/{rel}","templated":true}]}}